{"id":387,"date":"2023-06-13T09:14:01","date_gmt":"2023-06-13T09:14:01","guid":{"rendered":"https:\/\/englishceuta.com\/contacto\/"},"modified":"2024-08-07T11:18:17","modified_gmt":"2024-08-07T11:18:17","slug":"contact","status":"publish","type":"page","link":"https:\/\/englishceuta.com\/en\/contact\/","title":{"rendered":"Contacto"},"content":{"rendered":"\t\t<div data-elementor-type=\"wp-page\" data-elementor-id=\"387\" class=\"elementor elementor-387\" data-elementor-post-type=\"page\">\n\t\t\t\t<div class=\"elementor-element elementor-element-6a14545 e-flex e-con-boxed e-con e-parent\" data-id=\"6a14545\" data-element_type=\"container\" data-e-type=\"container\">\n\t\t\t\t\t<div class=\"e-con-inner\">\n\t\t\t\t<div class=\"elementor-element elementor-element-0f3a58e elementor-widget elementor-widget-heading\" data-id=\"0f3a58e\" data-element_type=\"widget\" data-e-type=\"widget\" data-widget_type=\"heading.default\">\n\t\t\t\t<div class=\"elementor-widget-container\">\n\t\t\t\t\t<h2 class=\"elementor-heading-title elementor-size-default\"><a href=\"tel:(+34)%20628251442\">(+34) 628251442<\/a><\/h2>\t\t\t\t<\/div>\n\t\t\t\t<\/div>\n\t\t\t\t<div class=\"elementor-element elementor-element-79d6f1b elementor-align-right elementor-widget__width-initial elementor-widget-tablet__width-initial elementor-widget-mobile__width-initial elementor-widget elementor-widget-button\" data-id=\"79d6f1b\" data-element_type=\"widget\" data-e-type=\"widget\" data-widget_type=\"button.default\">\n\t\t\t\t<div class=\"elementor-widget-container\">\n\t\t\t\t\t\t\t\t\t<div class=\"elementor-button-wrapper\">\n\t\t\t\t\t<a class=\"elementor-button elementor-button-link elementor-size-sm\" href=\"https:\/\/englishceuta.com\/contacto\/\">\n\t\t\t\t\t\t<span class=\"elementor-button-content-wrapper\">\n\t\t\t\t\t\t\t\t\t<span class=\"elementor-button-text\">CONTACTO<\/span>\n\t\t\t\t\t<\/span>\n\t\t\t\t\t<\/a>\n\t\t\t\t<\/div>\n\t\t\t\t\t\t\t\t<\/div>\n\t\t\t\t<\/div>\n\t\t\t\t\t<\/div>\n\t\t\t\t<\/div>\n\t\t<div class=\"elementor-element elementor-element-0f252fa e-flex e-con-boxed e-con e-parent\" data-id=\"0f252fa\" data-element_type=\"container\" data-e-type=\"container\">\n\t\t\t\t\t<div class=\"e-con-inner\">\n\t\t<div class=\"elementor-element elementor-element-c41f570 e-con-full e-flex e-con e-child\" data-id=\"c41f570\" data-element_type=\"container\" data-e-type=\"container\">\n\t\t\t\t<div class=\"elementor-element elementor-element-a395423 elementor-widget elementor-widget-image\" data-id=\"a395423\" data-element_type=\"widget\" data-e-type=\"widget\" data-widget_type=\"image.default\">\n\t\t\t\t<div class=\"elementor-widget-container\">\n\t\t\t\t\t\t\t\t\t\t\t\t\t\t\t\t<a href=\"https:\/\/englishceuta.com\/\">\n\t\t\t\t\t\t\t<img fetchpriority=\"high\" decoding=\"async\" width=\"2472\" height=\"1680\" src=\"https:\/\/englishceuta.com\/wp-content\/uploads\/2024\/08\/navbarlogo.png\" class=\"attachment-full size-full wp-image-1900\" alt=\"\" srcset=\"https:\/\/englishceuta.com\/wp-content\/uploads\/2024\/08\/navbarlogo.png 2472w, https:\/\/englishceuta.com\/wp-content\/uploads\/2024\/08\/navbarlogo-300x204.png 300w, https:\/\/englishceuta.com\/wp-content\/uploads\/2024\/08\/navbarlogo-1024x696.png 1024w, https:\/\/englishceuta.com\/wp-content\/uploads\/2024\/08\/navbarlogo-768x522.png 768w, https:\/\/englishceuta.com\/wp-content\/uploads\/2024\/08\/navbarlogo-1536x1044.png 1536w, https:\/\/englishceuta.com\/wp-content\/uploads\/2024\/08\/navbarlogo-2048x1392.png 2048w\" sizes=\"(max-width: 2472px) 100vw, 2472px\" \/>\t\t\t\t\t\t\t\t<\/a>\n\t\t\t\t\t\t\t\t\t\t\t\t\t\t\t<\/div>\n\t\t\t\t<\/div>\n\t\t\t\t<\/div>\n\t\t<div class=\"elementor-element elementor-element-bf4d833 e-con-full e-flex e-con e-child\" data-id=\"bf4d833\" data-element_type=\"container\" data-e-type=\"container\">\n\t\t<div class=\"elementor-element elementor-element-f9da88f e-con-full e-flex e-con e-child\" data-id=\"f9da88f\" data-element_type=\"container\" data-e-type=\"container\">\n\t\t\t\t<div class=\"elementor-element elementor-element-f4a9210 elementor-nav-menu__align-center elementor-nav-menu--stretch elementor-nav-menu__text-align-center elementor-widget__width-initial elementor-nav-menu--dropdown-tablet elementor-nav-menu--toggle elementor-nav-menu--burger elementor-widget elementor-widget-nav-menu\" data-id=\"f4a9210\" data-element_type=\"widget\" data-e-type=\"widget\" data-settings=\"{&quot;full_width&quot;:&quot;stretch&quot;,&quot;layout&quot;:&quot;horizontal&quot;,&quot;submenu_icon&quot;:{&quot;value&quot;:&quot;&lt;i class=\\&quot;fas fa-caret-down\\&quot; aria-hidden=\\&quot;true\\&quot;&gt;&lt;\\\/i&gt;&quot;,&quot;library&quot;:&quot;fa-solid&quot;},&quot;toggle&quot;:&quot;burger&quot;}\" data-widget_type=\"nav-menu.default\">\n\t\t\t\t<div class=\"elementor-widget-container\">\n\t\t\t\t\t\t\t\t<nav aria-label=\"Menu\" class=\"elementor-nav-menu--main elementor-nav-menu__container elementor-nav-menu--layout-horizontal e--pointer-underline e--animation-fade\">\n\t\t\t\t<ul id=\"menu-1-f4a9210\" class=\"elementor-nav-menu\"><li class=\"menu-item menu-item-type-post_type menu-item-object-page menu-item-1684\"><a href=\"https:\/\/englishceuta.com\/en\/aptis-exams\/\" class=\"elementor-item\">Aptis Exams<\/a><\/li>\n<li class=\"menu-item menu-item-type-post_type menu-item-object-page menu-item-1685\"><a href=\"https:\/\/englishceuta.com\/en\/cambridge-exams2\/\" class=\"elementor-item\">Cambridge Exams<\/a><\/li>\n<li class=\"menu-item wpml-ls-slot-3 wpml-ls-item wpml-ls-item-en wpml-ls-current-language wpml-ls-menu-item wpml-ls-first-item menu-item-type-wpml_ls_menu_item menu-item-object-wpml_ls_menu_item menu-item-has-children menu-item-wpml-ls-3-en\"><a href=\"https:\/\/englishceuta.com\/en\/\" class=\"elementor-item\"><img decoding=\"async\"\n            class=\"wpml-ls-flag\"\n            src=\"https:\/\/englishceuta.com\/wp-content\/plugins\/sitepress-multilingual-cms\/res\/flags\/en.png\"\n            alt=\"English\"\n            \n            \n    \/><\/a>\n<ul class=\"sub-menu elementor-nav-menu--dropdown\">\n\t<li class=\"menu-item wpml-ls-slot-3 wpml-ls-item wpml-ls-item-es wpml-ls-menu-item wpml-ls-last-item menu-item-type-wpml_ls_menu_item menu-item-object-wpml_ls_menu_item menu-item-wpml-ls-3-es\"><a href=\"https:\/\/englishceuta.com\" class=\"elementor-sub-item\"><img decoding=\"async\"\n            class=\"wpml-ls-flag\"\n            src=\"https:\/\/englishceuta.com\/wp-content\/plugins\/sitepress-multilingual-cms\/res\/flags\/es.png\"\n            alt=\"Spanish\"\n            \n            \n    \/><\/a><\/li>\n<\/ul>\n<\/li>\n<\/ul>\t\t\t<\/nav>\n\t\t\t\t\t<div class=\"elementor-menu-toggle\" role=\"button\" tabindex=\"0\" aria-label=\"Menu Toggle\" aria-expanded=\"false\">\n\t\t\t<i aria-hidden=\"true\" role=\"presentation\" class=\"elementor-menu-toggle__icon--open eicon-menu-bar\"><\/i><i aria-hidden=\"true\" role=\"presentation\" class=\"elementor-menu-toggle__icon--close eicon-close\"><\/i>\t\t<\/div>\n\t\t\t\t\t<nav class=\"elementor-nav-menu--dropdown elementor-nav-menu__container\" aria-hidden=\"true\">\n\t\t\t\t<ul id=\"menu-2-f4a9210\" class=\"elementor-nav-menu\"><li class=\"menu-item menu-item-type-post_type menu-item-object-page menu-item-1684\"><a href=\"https:\/\/englishceuta.com\/en\/aptis-exams\/\" class=\"elementor-item\" tabindex=\"-1\">Aptis Exams<\/a><\/li>\n<li class=\"menu-item menu-item-type-post_type menu-item-object-page menu-item-1685\"><a href=\"https:\/\/englishceuta.com\/en\/cambridge-exams2\/\" class=\"elementor-item\" tabindex=\"-1\">Cambridge Exams<\/a><\/li>\n<li class=\"menu-item wpml-ls-slot-3 wpml-ls-item wpml-ls-item-en wpml-ls-current-language wpml-ls-menu-item wpml-ls-first-item menu-item-type-wpml_ls_menu_item menu-item-object-wpml_ls_menu_item menu-item-has-children menu-item-wpml-ls-3-en\"><a href=\"https:\/\/englishceuta.com\/en\/\" class=\"elementor-item\" tabindex=\"-1\"><img decoding=\"async\"\n            class=\"wpml-ls-flag\"\n            src=\"https:\/\/englishceuta.com\/wp-content\/plugins\/sitepress-multilingual-cms\/res\/flags\/en.png\"\n            alt=\"English\"\n            \n            \n    \/><\/a>\n<ul class=\"sub-menu elementor-nav-menu--dropdown\">\n\t<li class=\"menu-item wpml-ls-slot-3 wpml-ls-item wpml-ls-item-es wpml-ls-menu-item wpml-ls-last-item menu-item-type-wpml_ls_menu_item menu-item-object-wpml_ls_menu_item menu-item-wpml-ls-3-es\"><a href=\"https:\/\/englishceuta.com\" class=\"elementor-sub-item\" tabindex=\"-1\"><img decoding=\"async\"\n            class=\"wpml-ls-flag\"\n            src=\"https:\/\/englishceuta.com\/wp-content\/plugins\/sitepress-multilingual-cms\/res\/flags\/es.png\"\n            alt=\"Spanish\"\n            \n            \n    \/><\/a><\/li>\n<\/ul>\n<\/li>\n<\/ul>\t\t\t<\/nav>\n\t\t\t\t\t\t<\/div>\n\t\t\t\t<\/div>\n\t\t\t\t<\/div>\n\t\t\t\t<\/div>\n\t\t\t\t\t<\/div>\n\t\t\t\t<\/div>\n\t\t<div class=\"elementor-element elementor-element-61dae5f e-con-full e-flex e-con e-parent\" data-id=\"61dae5f\" data-element_type=\"container\" data-e-type=\"container\">\n\t\t\t\t<div class=\"elementor-element elementor-element-3bba28c elementor-widget elementor-widget-heading\" data-id=\"3bba28c\" data-element_type=\"widget\" data-e-type=\"widget\" data-widget_type=\"heading.default\">\n\t\t\t\t<div class=\"elementor-widget-container\">\n\t\t\t\t\t<h2 class=\"elementor-heading-title elementor-size-default\">Contact us!<\/h2>\t\t\t\t<\/div>\n\t\t\t\t<\/div>\n\t\t\t\t<div class=\"elementor-element elementor-element-5048ba1 elementor-widget elementor-widget-text-editor\" data-id=\"5048ba1\" data-element_type=\"widget\" data-e-type=\"widget\" data-widget_type=\"text-editor.default\">\n\t\t\t\t<div class=\"elementor-widget-container\">\n\t\t\t\t\t\t\t\t\t\n<div class=\"wpcf7 no-js\" id=\"wpcf7-f640-o1\" lang=\"es-ES\" dir=\"ltr\" data-wpcf7-id=\"640\">\n<div class=\"screen-reader-response\"><p role=\"status\" aria-live=\"polite\" aria-atomic=\"true\"><\/p> <ul><\/ul><\/div>\n<form action=\"\/en\/wp-json\/wp\/v2\/pages\/387#wpcf7-f640-o1\" method=\"post\" class=\"wpcf7-form init\" aria-label=\"Formulario de contacto\" novalidate=\"novalidate\" data-status=\"init\">\n<fieldset class=\"hidden-fields-container\"><input type=\"hidden\" name=\"_wpcf7\" value=\"640\" \/><input type=\"hidden\" name=\"_wpcf7_version\" value=\"6.1.5\" \/><input type=\"hidden\" name=\"_wpcf7_locale\" value=\"es_ES\" \/><input type=\"hidden\" name=\"_wpcf7_unit_tag\" value=\"wpcf7-f640-o1\" \/><input type=\"hidden\" name=\"_wpcf7_container_post\" value=\"0\" \/><input type=\"hidden\" name=\"_wpcf7_posted_data_hash\" value=\"\" \/><input type=\"hidden\" name=\"_wpcf7_recaptcha_response\" value=\"\" \/>\n<\/fieldset>\n<p><label> Your Name<br \/>\n<span class=\"wpcf7-form-control-wrap\" data-name=\"your-name\"><input size=\"40\" maxlength=\"400\" class=\"wpcf7-form-control wpcf7-text wpcf7-validates-as-required\" autocomplete=\"name\" aria-required=\"true\" aria-invalid=\"false\" value=\"\" type=\"text\" name=\"your-name\" \/><\/span> <\/label>\n<\/p>\n<p><label> Your Email Address<br \/>\n<span class=\"wpcf7-form-control-wrap\" data-name=\"your-email\"><input size=\"40\" maxlength=\"400\" class=\"wpcf7-form-control wpcf7-email wpcf7-validates-as-required wpcf7-text wpcf7-validates-as-email\" autocomplete=\"email\" aria-required=\"true\" aria-invalid=\"false\" value=\"\" type=\"email\" name=\"your-email\" \/><\/span> <\/label>\n<\/p>\n<p><label> Subject<br \/>\n<span class=\"wpcf7-form-control-wrap\" data-name=\"your-message\"><textarea cols=\"40\" rows=\"10\" maxlength=\"2000\" class=\"wpcf7-form-control wpcf7-textarea\" aria-invalid=\"false\" name=\"your-message\"><\/textarea><\/span> <\/label>\n<\/p>\n<p><span class=\"wpcf7-form-control-wrap\" data-name=\"acceptance-758\"><span class=\"wpcf7-form-control wpcf7-acceptance\"><span class=\"wpcf7-list-item\"><label><input type=\"checkbox\" name=\"acceptance-758\" value=\"1\" aria-invalid=\"false\" \/><span class=\"wpcf7-list-item-label\">I have read and accept the terms of the Privacy Policy.<\/span><\/label><\/span><\/span><\/span>\n<\/p>\n<p><input class=\"wpcf7-form-control wpcf7-submit has-spinner\" type=\"submit\" value=\"Enviar\" \/>\n<\/p><input type='hidden' class='wpcf7-pum' value='{\"closepopup\":false,\"closedelay\":0,\"openpopup\":false,\"openpopup_id\":0}' \/><div class=\"wpcf7-response-output\" aria-hidden=\"true\"><\/div>\n<\/form>\n<\/div>\n\t\t\t\t\t\t\t\t<\/div>\n\t\t\t\t<\/div>\n\t\t\t\t<\/div>\n\t\t\t\t<\/div>\n\t\t","protected":false},"excerpt":{"rendered":"<p>(+34) 628251442 CONTACTO Contact us!<\/p>\n","protected":false},"author":4,"featured_media":0,"parent":0,"menu_order":0,"comment_status":"closed","ping_status":"closed","template":"elementor_canvas","meta":{"_joinchat":[],"footnotes":""},"class_list":["post-387","page","type-page","status-publish","hentry"],"yoast_head":"<!-- This site is optimized with the Yoast SEO Premium plugin v22.0 (Yoast SEO v27.4) - https:\/\/yoast.com\/product\/yoast-seo-premium-wordpress\/ -->\n<title>Contact | English Ceuta<\/title>\n<meta name=\"description\" content=\"Please complete the contact form with your information and inquiry, so we can offer you the appropriate assistance.\" \/>\n<meta name=\"robots\" content=\"index, follow, max-snippet:-1, max-image-preview:large, max-video-preview:-1\" \/>\n<link rel=\"canonical\" href=\"https:\/\/englishceuta.com\/contacto\/\" \/>\n<meta property=\"og:locale\" content=\"en_US\" \/>\n<meta property=\"og:type\" content=\"article\" \/>\n<meta property=\"og:title\" content=\"Contacto\" \/>\n<meta property=\"og:description\" content=\"Please complete the contact form with your information and inquiry, so we can offer you the appropriate assistance.\" \/>\n<meta property=\"og:url\" content=\"https:\/\/englishceuta.com\/contacto\/\" \/>\n<meta property=\"og:site_name\" content=\"EnglishCeuta\" \/>\n<meta property=\"article:modified_time\" content=\"2024-08-07T11:18:17+00:00\" \/>\n<meta property=\"og:image\" content=\"https:\/\/englishceuta.com\/wp-content\/uploads\/2024\/08\/navbarlogo.png\" \/>\n<meta name=\"twitter:card\" content=\"summary_large_image\" \/>\n<meta name=\"twitter:label1\" content=\"Est. reading time\" \/>\n\t<meta name=\"twitter:data1\" content=\"1 minute\" \/>\n<script type=\"application\/ld+json\" class=\"yoast-schema-graph\">{\"@context\":\"https:\\\/\\\/schema.org\",\"@graph\":[{\"@type\":\"WebPage\",\"@id\":\"https:\\\/\\\/englishceuta.com\\\/contacto\\\/\",\"url\":\"https:\\\/\\\/englishceuta.com\\\/contacto\\\/\",\"name\":\"Contact | English Ceuta\",\"isPartOf\":{\"@id\":\"https:\\\/\\\/englishceuta.com\\\/#website\"},\"primaryImageOfPage\":{\"@id\":\"https:\\\/\\\/englishceuta.com\\\/contacto\\\/#primaryimage\"},\"image\":{\"@id\":\"https:\\\/\\\/englishceuta.com\\\/contacto\\\/#primaryimage\"},\"thumbnailUrl\":\"https:\\\/\\\/englishceuta.com\\\/wp-content\\\/uploads\\\/2024\\\/08\\\/navbarlogo.png\",\"datePublished\":\"2023-06-13T09:14:01+00:00\",\"dateModified\":\"2024-08-07T11:18:17+00:00\",\"description\":\"Please complete the contact form with your information and inquiry, so we can offer you the appropriate assistance.\",\"breadcrumb\":{\"@id\":\"https:\\\/\\\/englishceuta.com\\\/contacto\\\/#breadcrumb\"},\"inLanguage\":\"en-US\",\"potentialAction\":[{\"@type\":\"ReadAction\",\"target\":[\"https:\\\/\\\/englishceuta.com\\\/contacto\\\/\"]}]},{\"@type\":\"ImageObject\",\"inLanguage\":\"en-US\",\"@id\":\"https:\\\/\\\/englishceuta.com\\\/contacto\\\/#primaryimage\",\"url\":\"https:\\\/\\\/englishceuta.com\\\/wp-content\\\/uploads\\\/2024\\\/08\\\/navbarlogo.png\",\"contentUrl\":\"https:\\\/\\\/englishceuta.com\\\/wp-content\\\/uploads\\\/2024\\\/08\\\/navbarlogo.png\"},{\"@type\":\"BreadcrumbList\",\"@id\":\"https:\\\/\\\/englishceuta.com\\\/contacto\\\/#breadcrumb\",\"itemListElement\":[{\"@type\":\"ListItem\",\"position\":1,\"name\":\"Home\",\"item\":\"https:\\\/\\\/englishceuta.com\\\/en\\\/\"},{\"@type\":\"ListItem\",\"position\":2,\"name\":\"Contacto\"}]},{\"@type\":\"WebSite\",\"@id\":\"https:\\\/\\\/englishceuta.com\\\/#website\",\"url\":\"https:\\\/\\\/englishceuta.com\\\/\",\"name\":\"EnglishCeuta\",\"description\":\"Preparaci\u00f3n para ex\u00e1menes de ingl\u00e9s en Ceuta\",\"publisher\":{\"@id\":\"https:\\\/\\\/englishceuta.com\\\/#organization\"},\"potentialAction\":[{\"@type\":\"SearchAction\",\"target\":{\"@type\":\"EntryPoint\",\"urlTemplate\":\"https:\\\/\\\/englishceuta.com\\\/?s={search_term_string}\"},\"query-input\":{\"@type\":\"PropertyValueSpecification\",\"valueRequired\":true,\"valueName\":\"search_term_string\"}}],\"inLanguage\":\"en-US\"},{\"@type\":\"Organization\",\"@id\":\"https:\\\/\\\/englishceuta.com\\\/#organization\",\"name\":\"EnglishCeuta\",\"url\":\"https:\\\/\\\/englishceuta.com\\\/\",\"logo\":{\"@type\":\"ImageObject\",\"inLanguage\":\"en-US\",\"@id\":\"https:\\\/\\\/englishceuta.com\\\/#\\\/schema\\\/logo\\\/image\\\/\",\"url\":\"https:\\\/\\\/englishceuta.com\\\/wp-content\\\/uploads\\\/2023\\\/07\\\/cropped-English-Training-Academy.png\",\"contentUrl\":\"https:\\\/\\\/englishceuta.com\\\/wp-content\\\/uploads\\\/2023\\\/07\\\/cropped-English-Training-Academy.png\",\"width\":512,\"height\":512,\"caption\":\"EnglishCeuta\"},\"image\":{\"@id\":\"https:\\\/\\\/englishceuta.com\\\/#\\\/schema\\\/logo\\\/image\\\/\"}}]}<\/script>\n<!-- \/ Yoast SEO Premium plugin. -->","yoast_head_json":{"title":"Contact | English Ceuta","description":"Please complete the contact form with your information and inquiry, so we can offer you the appropriate assistance.","robots":{"index":"index","follow":"follow","max-snippet":"max-snippet:-1","max-image-preview":"max-image-preview:large","max-video-preview":"max-video-preview:-1"},"canonical":"https:\/\/englishceuta.com\/contacto\/","og_locale":"en_US","og_type":"article","og_title":"Contacto","og_description":"Please complete the contact form with your information and inquiry, so we can offer you the appropriate assistance.","og_url":"https:\/\/englishceuta.com\/contacto\/","og_site_name":"EnglishCeuta","article_modified_time":"2024-08-07T11:18:17+00:00","og_image":[{"url":"https:\/\/englishceuta.com\/wp-content\/uploads\/2024\/08\/navbarlogo.png","type":"","width":"","height":""}],"twitter_card":"summary_large_image","twitter_misc":{"Est. reading time":"1 minute"},"schema":{"@context":"https:\/\/schema.org","@graph":[{"@type":"WebPage","@id":"https:\/\/englishceuta.com\/contacto\/","url":"https:\/\/englishceuta.com\/contacto\/","name":"Contact | English Ceuta","isPartOf":{"@id":"https:\/\/englishceuta.com\/#website"},"primaryImageOfPage":{"@id":"https:\/\/englishceuta.com\/contacto\/#primaryimage"},"image":{"@id":"https:\/\/englishceuta.com\/contacto\/#primaryimage"},"thumbnailUrl":"https:\/\/englishceuta.com\/wp-content\/uploads\/2024\/08\/navbarlogo.png","datePublished":"2023-06-13T09:14:01+00:00","dateModified":"2024-08-07T11:18:17+00:00","description":"Please complete the contact form with your information and inquiry, so we can offer you the appropriate assistance.","breadcrumb":{"@id":"https:\/\/englishceuta.com\/contacto\/#breadcrumb"},"inLanguage":"en-US","potentialAction":[{"@type":"ReadAction","target":["https:\/\/englishceuta.com\/contacto\/"]}]},{"@type":"ImageObject","inLanguage":"en-US","@id":"https:\/\/englishceuta.com\/contacto\/#primaryimage","url":"https:\/\/englishceuta.com\/wp-content\/uploads\/2024\/08\/navbarlogo.png","contentUrl":"https:\/\/englishceuta.com\/wp-content\/uploads\/2024\/08\/navbarlogo.png"},{"@type":"BreadcrumbList","@id":"https:\/\/englishceuta.com\/contacto\/#breadcrumb","itemListElement":[{"@type":"ListItem","position":1,"name":"Home","item":"https:\/\/englishceuta.com\/en\/"},{"@type":"ListItem","position":2,"name":"Contacto"}]},{"@type":"WebSite","@id":"https:\/\/englishceuta.com\/#website","url":"https:\/\/englishceuta.com\/","name":"EnglishCeuta","description":"Preparaci\u00f3n para ex\u00e1menes de ingl\u00e9s en Ceuta","publisher":{"@id":"https:\/\/englishceuta.com\/#organization"},"potentialAction":[{"@type":"SearchAction","target":{"@type":"EntryPoint","urlTemplate":"https:\/\/englishceuta.com\/?s={search_term_string}"},"query-input":{"@type":"PropertyValueSpecification","valueRequired":true,"valueName":"search_term_string"}}],"inLanguage":"en-US"},{"@type":"Organization","@id":"https:\/\/englishceuta.com\/#organization","name":"EnglishCeuta","url":"https:\/\/englishceuta.com\/","logo":{"@type":"ImageObject","inLanguage":"en-US","@id":"https:\/\/englishceuta.com\/#\/schema\/logo\/image\/","url":"https:\/\/englishceuta.com\/wp-content\/uploads\/2023\/07\/cropped-English-Training-Academy.png","contentUrl":"https:\/\/englishceuta.com\/wp-content\/uploads\/2023\/07\/cropped-English-Training-Academy.png","width":512,"height":512,"caption":"EnglishCeuta"},"image":{"@id":"https:\/\/englishceuta.com\/#\/schema\/logo\/image\/"}}]}},"_links":{"self":[{"href":"https:\/\/englishceuta.com\/en\/wp-json\/wp\/v2\/pages\/387","targetHints":{"allow":["GET"]}}],"collection":[{"href":"https:\/\/englishceuta.com\/en\/wp-json\/wp\/v2\/pages"}],"about":[{"href":"https:\/\/englishceuta.com\/en\/wp-json\/wp\/v2\/types\/page"}],"author":[{"embeddable":true,"href":"https:\/\/englishceuta.com\/en\/wp-json\/wp\/v2\/users\/4"}],"replies":[{"embeddable":true,"href":"https:\/\/englishceuta.com\/en\/wp-json\/wp\/v2\/comments?post=387"}],"version-history":[{"count":0,"href":"https:\/\/englishceuta.com\/en\/wp-json\/wp\/v2\/pages\/387\/revisions"}],"wp:attachment":[{"href":"https:\/\/englishceuta.com\/en\/wp-json\/wp\/v2\/media?parent=387"}],"curies":[{"name":"wp","href":"https:\/\/api.w.org\/{rel}","templated":true}]}}