{"id":859,"date":"2023-06-13T11:16:46","date_gmt":"2023-06-13T11:16:46","guid":{"rendered":"https:\/\/englishceuta.com\/declaracion-de-accesibilidad\/"},"modified":"2024-08-07T11:23:03","modified_gmt":"2024-08-07T11:23:03","slug":"accesibility-statement","status":"publish","type":"page","link":"https:\/\/englishceuta.com\/en\/accesibility-statement\/","title":{"rendered":"Declaraci\u00f3n de accesibilidad"},"content":{"rendered":"\t\t<div data-elementor-type=\"wp-page\" data-elementor-id=\"859\" class=\"elementor elementor-859\" data-elementor-post-type=\"page\">\n\t\t\t\t<div class=\"elementor-element elementor-element-f126d53 e-flex e-con-boxed e-con e-parent\" data-id=\"f126d53\" data-element_type=\"container\" data-e-type=\"container\">\n\t\t\t\t\t<div class=\"e-con-inner\">\n\t\t\t\t<div class=\"elementor-element elementor-element-ae8017b elementor-widget elementor-widget-heading\" data-id=\"ae8017b\" data-element_type=\"widget\" data-e-type=\"widget\" data-widget_type=\"heading.default\">\n\t\t\t\t<div class=\"elementor-widget-container\">\n\t\t\t\t\t<h2 class=\"elementor-heading-title elementor-size-default\"><a href=\"tel:(+34)%20628251442\">(+34) 628251442<\/a><\/h2>\t\t\t\t<\/div>\n\t\t\t\t<\/div>\n\t\t\t\t<div class=\"elementor-element elementor-element-490ca90 elementor-align-right elementor-widget__width-initial elementor-widget-tablet__width-initial elementor-widget-mobile__width-initial elementor-widget elementor-widget-button\" data-id=\"490ca90\" data-element_type=\"widget\" data-e-type=\"widget\" data-widget_type=\"button.default\">\n\t\t\t\t<div class=\"elementor-widget-container\">\n\t\t\t\t\t\t\t\t\t<div class=\"elementor-button-wrapper\">\n\t\t\t\t\t<a class=\"elementor-button elementor-button-link elementor-size-sm\" href=\"https:\/\/englishceuta.com\/contacto\/\">\n\t\t\t\t\t\t<span class=\"elementor-button-content-wrapper\">\n\t\t\t\t\t\t\t\t\t<span class=\"elementor-button-text\">CONTACTO<\/span>\n\t\t\t\t\t<\/span>\n\t\t\t\t\t<\/a>\n\t\t\t\t<\/div>\n\t\t\t\t\t\t\t\t<\/div>\n\t\t\t\t<\/div>\n\t\t\t\t\t<\/div>\n\t\t\t\t<\/div>\n\t\t<div class=\"elementor-element elementor-element-59dee9e e-flex e-con-boxed e-con e-parent\" data-id=\"59dee9e\" data-element_type=\"container\" data-e-type=\"container\">\n\t\t\t\t\t<div class=\"e-con-inner\">\n\t\t<div class=\"elementor-element elementor-element-faa6b3f e-con-full e-flex e-con e-child\" data-id=\"faa6b3f\" data-element_type=\"container\" data-e-type=\"container\">\n\t\t\t\t<div class=\"elementor-element elementor-element-7c1706b elementor-widget elementor-widget-image\" data-id=\"7c1706b\" data-element_type=\"widget\" data-e-type=\"widget\" data-widget_type=\"image.default\">\n\t\t\t\t<div class=\"elementor-widget-container\">\n\t\t\t\t\t\t\t\t\t\t\t\t\t\t\t\t<a href=\"https:\/\/englishceuta.com\/\">\n\t\t\t\t\t\t\t<img fetchpriority=\"high\" decoding=\"async\" width=\"2472\" height=\"1680\" src=\"https:\/\/englishceuta.com\/wp-content\/uploads\/2024\/08\/navbarlogo.png\" class=\"attachment-full size-full wp-image-1900\" alt=\"\" srcset=\"https:\/\/englishceuta.com\/wp-content\/uploads\/2024\/08\/navbarlogo.png 2472w, https:\/\/englishceuta.com\/wp-content\/uploads\/2024\/08\/navbarlogo-300x204.png 300w, https:\/\/englishceuta.com\/wp-content\/uploads\/2024\/08\/navbarlogo-1024x696.png 1024w, https:\/\/englishceuta.com\/wp-content\/uploads\/2024\/08\/navbarlogo-768x522.png 768w, https:\/\/englishceuta.com\/wp-content\/uploads\/2024\/08\/navbarlogo-1536x1044.png 1536w, https:\/\/englishceuta.com\/wp-content\/uploads\/2024\/08\/navbarlogo-2048x1392.png 2048w\" sizes=\"(max-width: 2472px) 100vw, 2472px\" \/>\t\t\t\t\t\t\t\t<\/a>\n\t\t\t\t\t\t\t\t\t\t\t\t\t\t\t<\/div>\n\t\t\t\t<\/div>\n\t\t\t\t<\/div>\n\t\t<div class=\"elementor-element elementor-element-8105246 e-con-full e-flex e-con e-child\" data-id=\"8105246\" data-element_type=\"container\" data-e-type=\"container\">\n\t\t<div class=\"elementor-element elementor-element-a1789b1 e-con-full e-flex e-con e-child\" data-id=\"a1789b1\" data-element_type=\"container\" data-e-type=\"container\">\n\t\t\t\t<div class=\"elementor-element elementor-element-77e9a91 elementor-nav-menu__align-center elementor-nav-menu--stretch elementor-nav-menu__text-align-center elementor-widget__width-initial elementor-nav-menu--dropdown-tablet elementor-nav-menu--toggle elementor-nav-menu--burger elementor-widget elementor-widget-nav-menu\" data-id=\"77e9a91\" data-element_type=\"widget\" data-e-type=\"widget\" data-settings=\"{&quot;full_width&quot;:&quot;stretch&quot;,&quot;layout&quot;:&quot;horizontal&quot;,&quot;submenu_icon&quot;:{&quot;value&quot;:&quot;&lt;i class=\\&quot;fas fa-caret-down\\&quot; aria-hidden=\\&quot;true\\&quot;&gt;&lt;\\\/i&gt;&quot;,&quot;library&quot;:&quot;fa-solid&quot;},&quot;toggle&quot;:&quot;burger&quot;}\" data-widget_type=\"nav-menu.default\">\n\t\t\t\t<div class=\"elementor-widget-container\">\n\t\t\t\t\t\t\t\t<nav aria-label=\"Menu\" class=\"elementor-nav-menu--main elementor-nav-menu__container elementor-nav-menu--layout-horizontal e--pointer-underline e--animation-fade\">\n\t\t\t\t<ul id=\"menu-1-77e9a91\" class=\"elementor-nav-menu\"><li class=\"menu-item menu-item-type-post_type menu-item-object-page menu-item-1684\"><a href=\"https:\/\/englishceuta.com\/en\/aptis-exams\/\" class=\"elementor-item\">Aptis Exams<\/a><\/li>\n<li class=\"menu-item menu-item-type-post_type menu-item-object-page menu-item-1685\"><a href=\"https:\/\/englishceuta.com\/en\/cambridge-exams2\/\" class=\"elementor-item\">Cambridge Exams<\/a><\/li>\n<li class=\"menu-item wpml-ls-slot-3 wpml-ls-item wpml-ls-item-en wpml-ls-current-language wpml-ls-menu-item wpml-ls-first-item menu-item-type-wpml_ls_menu_item menu-item-object-wpml_ls_menu_item menu-item-has-children menu-item-wpml-ls-3-en\"><a href=\"https:\/\/englishceuta.com\/en\/\" class=\"elementor-item\"><img decoding=\"async\"\n            class=\"wpml-ls-flag\"\n            src=\"https:\/\/englishceuta.com\/wp-content\/plugins\/sitepress-multilingual-cms\/res\/flags\/en.png\"\n            alt=\"English\"\n            \n            \n    \/><\/a>\n<ul class=\"sub-menu elementor-nav-menu--dropdown\">\n\t<li class=\"menu-item wpml-ls-slot-3 wpml-ls-item wpml-ls-item-es wpml-ls-menu-item wpml-ls-last-item menu-item-type-wpml_ls_menu_item menu-item-object-wpml_ls_menu_item menu-item-wpml-ls-3-es\"><a href=\"https:\/\/englishceuta.com\" class=\"elementor-sub-item\"><img decoding=\"async\"\n            class=\"wpml-ls-flag\"\n            src=\"https:\/\/englishceuta.com\/wp-content\/plugins\/sitepress-multilingual-cms\/res\/flags\/es.png\"\n            alt=\"Spanish\"\n            \n            \n    \/><\/a><\/li>\n<\/ul>\n<\/li>\n<\/ul>\t\t\t<\/nav>\n\t\t\t\t\t<div class=\"elementor-menu-toggle\" role=\"button\" tabindex=\"0\" aria-label=\"Menu Toggle\" aria-expanded=\"false\">\n\t\t\t<i aria-hidden=\"true\" role=\"presentation\" class=\"elementor-menu-toggle__icon--open eicon-menu-bar\"><\/i><i aria-hidden=\"true\" role=\"presentation\" class=\"elementor-menu-toggle__icon--close eicon-close\"><\/i>\t\t<\/div>\n\t\t\t\t\t<nav class=\"elementor-nav-menu--dropdown elementor-nav-menu__container\" aria-hidden=\"true\">\n\t\t\t\t<ul id=\"menu-2-77e9a91\" class=\"elementor-nav-menu\"><li class=\"menu-item menu-item-type-post_type menu-item-object-page menu-item-1684\"><a href=\"https:\/\/englishceuta.com\/en\/aptis-exams\/\" class=\"elementor-item\" tabindex=\"-1\">Aptis Exams<\/a><\/li>\n<li class=\"menu-item menu-item-type-post_type menu-item-object-page menu-item-1685\"><a href=\"https:\/\/englishceuta.com\/en\/cambridge-exams2\/\" class=\"elementor-item\" tabindex=\"-1\">Cambridge Exams<\/a><\/li>\n<li class=\"menu-item wpml-ls-slot-3 wpml-ls-item wpml-ls-item-en wpml-ls-current-language wpml-ls-menu-item wpml-ls-first-item menu-item-type-wpml_ls_menu_item menu-item-object-wpml_ls_menu_item menu-item-has-children menu-item-wpml-ls-3-en\"><a href=\"https:\/\/englishceuta.com\/en\/\" class=\"elementor-item\" tabindex=\"-1\"><img decoding=\"async\"\n            class=\"wpml-ls-flag\"\n            src=\"https:\/\/englishceuta.com\/wp-content\/plugins\/sitepress-multilingual-cms\/res\/flags\/en.png\"\n            alt=\"English\"\n            \n            \n    \/><\/a>\n<ul class=\"sub-menu elementor-nav-menu--dropdown\">\n\t<li class=\"menu-item wpml-ls-slot-3 wpml-ls-item wpml-ls-item-es wpml-ls-menu-item wpml-ls-last-item menu-item-type-wpml_ls_menu_item menu-item-object-wpml_ls_menu_item menu-item-wpml-ls-3-es\"><a href=\"https:\/\/englishceuta.com\" class=\"elementor-sub-item\" tabindex=\"-1\"><img decoding=\"async\"\n            class=\"wpml-ls-flag\"\n            src=\"https:\/\/englishceuta.com\/wp-content\/plugins\/sitepress-multilingual-cms\/res\/flags\/es.png\"\n            alt=\"Spanish\"\n            \n            \n    \/><\/a><\/li>\n<\/ul>\n<\/li>\n<\/ul>\t\t\t<\/nav>\n\t\t\t\t\t\t<\/div>\n\t\t\t\t<\/div>\n\t\t\t\t<\/div>\n\t\t\t\t<\/div>\n\t\t\t\t\t<\/div>\n\t\t\t\t<\/div>\n\t\t<div class=\"elementor-element elementor-element-e8c4574 e-flex e-con-boxed e-con e-parent\" data-id=\"e8c4574\" data-element_type=\"container\" data-e-type=\"container\">\n\t\t\t\t\t<div class=\"e-con-inner\">\n\t\t\t\t<div class=\"elementor-element elementor-element-4026d45 elementor-widget elementor-widget-heading\" data-id=\"4026d45\" data-element_type=\"widget\" data-e-type=\"widget\" data-widget_type=\"heading.default\">\n\t\t\t\t<div class=\"elementor-widget-container\">\n\t\t\t\t\t<h2 class=\"elementor-heading-title elementor-size-default\">Accessibility statement<\/h2>\t\t\t\t<\/div>\n\t\t\t\t<\/div>\n\t\t\t\t\t<\/div>\n\t\t\t\t<\/div>\n\t\t\t\t<\/div>\n\t\t","protected":false},"excerpt":{"rendered":"<p>(+34) 628251442 CONTACTO Accessibility statement<\/p>\n","protected":false},"author":4,"featured_media":0,"parent":0,"menu_order":0,"comment_status":"closed","ping_status":"closed","template":"elementor_header_footer","meta":{"_joinchat":[],"footnotes":""},"class_list":["post-859","page","type-page","status-publish","hentry"],"yoast_head":"<!-- This site is optimized with the Yoast SEO Premium plugin v22.0 (Yoast SEO v27.4) - https:\/\/yoast.com\/product\/yoast-seo-premium-wordpress\/ -->\n<title>Accesibility Statement | English Ceuta<\/title>\n<meta name=\"description\" content=\"Our accessibility statement reflects our commitment to providing an inclusive environment on our website. We strive to ensure that all individuals, regardless of their abilities, can access and fully enjoy our content. Discover how we are working to remove barriers and enhance the browsing experience for everyone.\" \/>\n<meta name=\"robots\" content=\"index, follow, max-snippet:-1, max-image-preview:large, max-video-preview:-1\" \/>\n<link rel=\"canonical\" href=\"https:\/\/englishceuta.com\/declaracion-de-accesibilidad\/\" \/>\n<meta property=\"og:locale\" content=\"en_US\" \/>\n<meta property=\"og:type\" content=\"article\" \/>\n<meta property=\"og:title\" content=\"Declaraci\u00f3n de accesibilidad\" \/>\n<meta property=\"og:description\" content=\"Our accessibility statement reflects our commitment to providing an inclusive environment on our website. We strive to ensure that all individuals, regardless of their abilities, can access and fully enjoy our content. Discover how we are working to remove barriers and enhance the browsing experience for everyone.\" \/>\n<meta property=\"og:url\" content=\"https:\/\/englishceuta.com\/declaracion-de-accesibilidad\/\" \/>\n<meta property=\"og:site_name\" content=\"EnglishCeuta\" \/>\n<meta property=\"article:modified_time\" content=\"2024-08-07T11:23:03+00:00\" \/>\n<meta property=\"og:image\" content=\"https:\/\/englishceuta.com\/wp-content\/uploads\/2024\/08\/navbarlogo.png\" \/>\n<meta name=\"twitter:card\" content=\"summary_large_image\" \/>\n<meta name=\"twitter:label1\" content=\"Est. reading time\" \/>\n\t<meta name=\"twitter:data1\" content=\"1 minute\" \/>\n<script type=\"application\/ld+json\" class=\"yoast-schema-graph\">{\"@context\":\"https:\\\/\\\/schema.org\",\"@graph\":[{\"@type\":\"WebPage\",\"@id\":\"https:\\\/\\\/englishceuta.com\\\/declaracion-de-accesibilidad\\\/\",\"url\":\"https:\\\/\\\/englishceuta.com\\\/declaracion-de-accesibilidad\\\/\",\"name\":\"Accesibility Statement | English Ceuta\",\"isPartOf\":{\"@id\":\"https:\\\/\\\/englishceuta.com\\\/#website\"},\"primaryImageOfPage\":{\"@id\":\"https:\\\/\\\/englishceuta.com\\\/declaracion-de-accesibilidad\\\/#primaryimage\"},\"image\":{\"@id\":\"https:\\\/\\\/englishceuta.com\\\/declaracion-de-accesibilidad\\\/#primaryimage\"},\"thumbnailUrl\":\"https:\\\/\\\/englishceuta.com\\\/wp-content\\\/uploads\\\/2024\\\/08\\\/navbarlogo.png\",\"datePublished\":\"2023-06-13T11:16:46+00:00\",\"dateModified\":\"2024-08-07T11:23:03+00:00\",\"description\":\"Our accessibility statement reflects our commitment to providing an inclusive environment on our website. We strive to ensure that all individuals, regardless of their abilities, can access and fully enjoy our content. Discover how we are working to remove barriers and enhance the browsing experience for everyone.\",\"breadcrumb\":{\"@id\":\"https:\\\/\\\/englishceuta.com\\\/declaracion-de-accesibilidad\\\/#breadcrumb\"},\"inLanguage\":\"en-US\",\"potentialAction\":[{\"@type\":\"ReadAction\",\"target\":[\"https:\\\/\\\/englishceuta.com\\\/declaracion-de-accesibilidad\\\/\"]}]},{\"@type\":\"ImageObject\",\"inLanguage\":\"en-US\",\"@id\":\"https:\\\/\\\/englishceuta.com\\\/declaracion-de-accesibilidad\\\/#primaryimage\",\"url\":\"https:\\\/\\\/englishceuta.com\\\/wp-content\\\/uploads\\\/2024\\\/08\\\/navbarlogo.png\",\"contentUrl\":\"https:\\\/\\\/englishceuta.com\\\/wp-content\\\/uploads\\\/2024\\\/08\\\/navbarlogo.png\"},{\"@type\":\"BreadcrumbList\",\"@id\":\"https:\\\/\\\/englishceuta.com\\\/declaracion-de-accesibilidad\\\/#breadcrumb\",\"itemListElement\":[{\"@type\":\"ListItem\",\"position\":1,\"name\":\"Home\",\"item\":\"https:\\\/\\\/englishceuta.com\\\/en\\\/\"},{\"@type\":\"ListItem\",\"position\":2,\"name\":\"Declaraci\u00f3n de accesibilidad\"}]},{\"@type\":\"WebSite\",\"@id\":\"https:\\\/\\\/englishceuta.com\\\/#website\",\"url\":\"https:\\\/\\\/englishceuta.com\\\/\",\"name\":\"EnglishCeuta\",\"description\":\"Preparaci\u00f3n para ex\u00e1menes de ingl\u00e9s en Ceuta\",\"publisher\":{\"@id\":\"https:\\\/\\\/englishceuta.com\\\/#organization\"},\"potentialAction\":[{\"@type\":\"SearchAction\",\"target\":{\"@type\":\"EntryPoint\",\"urlTemplate\":\"https:\\\/\\\/englishceuta.com\\\/?s={search_term_string}\"},\"query-input\":{\"@type\":\"PropertyValueSpecification\",\"valueRequired\":true,\"valueName\":\"search_term_string\"}}],\"inLanguage\":\"en-US\"},{\"@type\":\"Organization\",\"@id\":\"https:\\\/\\\/englishceuta.com\\\/#organization\",\"name\":\"EnglishCeuta\",\"url\":\"https:\\\/\\\/englishceuta.com\\\/\",\"logo\":{\"@type\":\"ImageObject\",\"inLanguage\":\"en-US\",\"@id\":\"https:\\\/\\\/englishceuta.com\\\/#\\\/schema\\\/logo\\\/image\\\/\",\"url\":\"https:\\\/\\\/englishceuta.com\\\/wp-content\\\/uploads\\\/2023\\\/07\\\/cropped-English-Training-Academy.png\",\"contentUrl\":\"https:\\\/\\\/englishceuta.com\\\/wp-content\\\/uploads\\\/2023\\\/07\\\/cropped-English-Training-Academy.png\",\"width\":512,\"height\":512,\"caption\":\"EnglishCeuta\"},\"image\":{\"@id\":\"https:\\\/\\\/englishceuta.com\\\/#\\\/schema\\\/logo\\\/image\\\/\"}}]}<\/script>\n<!-- \/ Yoast SEO Premium plugin. -->","yoast_head_json":{"title":"Accesibility Statement | English Ceuta","description":"Our accessibility statement reflects our commitment to providing an inclusive environment on our website. We strive to ensure that all individuals, regardless of their abilities, can access and fully enjoy our content. Discover how we are working to remove barriers and enhance the browsing experience for everyone.","robots":{"index":"index","follow":"follow","max-snippet":"max-snippet:-1","max-image-preview":"max-image-preview:large","max-video-preview":"max-video-preview:-1"},"canonical":"https:\/\/englishceuta.com\/declaracion-de-accesibilidad\/","og_locale":"en_US","og_type":"article","og_title":"Declaraci\u00f3n de accesibilidad","og_description":"Our accessibility statement reflects our commitment to providing an inclusive environment on our website. We strive to ensure that all individuals, regardless of their abilities, can access and fully enjoy our content. Discover how we are working to remove barriers and enhance the browsing experience for everyone.","og_url":"https:\/\/englishceuta.com\/declaracion-de-accesibilidad\/","og_site_name":"EnglishCeuta","article_modified_time":"2024-08-07T11:23:03+00:00","og_image":[{"url":"https:\/\/englishceuta.com\/wp-content\/uploads\/2024\/08\/navbarlogo.png","type":"","width":"","height":""}],"twitter_card":"summary_large_image","twitter_misc":{"Est. reading time":"1 minute"},"schema":{"@context":"https:\/\/schema.org","@graph":[{"@type":"WebPage","@id":"https:\/\/englishceuta.com\/declaracion-de-accesibilidad\/","url":"https:\/\/englishceuta.com\/declaracion-de-accesibilidad\/","name":"Accesibility Statement | English Ceuta","isPartOf":{"@id":"https:\/\/englishceuta.com\/#website"},"primaryImageOfPage":{"@id":"https:\/\/englishceuta.com\/declaracion-de-accesibilidad\/#primaryimage"},"image":{"@id":"https:\/\/englishceuta.com\/declaracion-de-accesibilidad\/#primaryimage"},"thumbnailUrl":"https:\/\/englishceuta.com\/wp-content\/uploads\/2024\/08\/navbarlogo.png","datePublished":"2023-06-13T11:16:46+00:00","dateModified":"2024-08-07T11:23:03+00:00","description":"Our accessibility statement reflects our commitment to providing an inclusive environment on our website. We strive to ensure that all individuals, regardless of their abilities, can access and fully enjoy our content. Discover how we are working to remove barriers and enhance the browsing experience for everyone.","breadcrumb":{"@id":"https:\/\/englishceuta.com\/declaracion-de-accesibilidad\/#breadcrumb"},"inLanguage":"en-US","potentialAction":[{"@type":"ReadAction","target":["https:\/\/englishceuta.com\/declaracion-de-accesibilidad\/"]}]},{"@type":"ImageObject","inLanguage":"en-US","@id":"https:\/\/englishceuta.com\/declaracion-de-accesibilidad\/#primaryimage","url":"https:\/\/englishceuta.com\/wp-content\/uploads\/2024\/08\/navbarlogo.png","contentUrl":"https:\/\/englishceuta.com\/wp-content\/uploads\/2024\/08\/navbarlogo.png"},{"@type":"BreadcrumbList","@id":"https:\/\/englishceuta.com\/declaracion-de-accesibilidad\/#breadcrumb","itemListElement":[{"@type":"ListItem","position":1,"name":"Home","item":"https:\/\/englishceuta.com\/en\/"},{"@type":"ListItem","position":2,"name":"Declaraci\u00f3n de accesibilidad"}]},{"@type":"WebSite","@id":"https:\/\/englishceuta.com\/#website","url":"https:\/\/englishceuta.com\/","name":"EnglishCeuta","description":"Preparaci\u00f3n para ex\u00e1menes de ingl\u00e9s en Ceuta","publisher":{"@id":"https:\/\/englishceuta.com\/#organization"},"potentialAction":[{"@type":"SearchAction","target":{"@type":"EntryPoint","urlTemplate":"https:\/\/englishceuta.com\/?s={search_term_string}"},"query-input":{"@type":"PropertyValueSpecification","valueRequired":true,"valueName":"search_term_string"}}],"inLanguage":"en-US"},{"@type":"Organization","@id":"https:\/\/englishceuta.com\/#organization","name":"EnglishCeuta","url":"https:\/\/englishceuta.com\/","logo":{"@type":"ImageObject","inLanguage":"en-US","@id":"https:\/\/englishceuta.com\/#\/schema\/logo\/image\/","url":"https:\/\/englishceuta.com\/wp-content\/uploads\/2023\/07\/cropped-English-Training-Academy.png","contentUrl":"https:\/\/englishceuta.com\/wp-content\/uploads\/2023\/07\/cropped-English-Training-Academy.png","width":512,"height":512,"caption":"EnglishCeuta"},"image":{"@id":"https:\/\/englishceuta.com\/#\/schema\/logo\/image\/"}}]}},"_links":{"self":[{"href":"https:\/\/englishceuta.com\/en\/wp-json\/wp\/v2\/pages\/859","targetHints":{"allow":["GET"]}}],"collection":[{"href":"https:\/\/englishceuta.com\/en\/wp-json\/wp\/v2\/pages"}],"about":[{"href":"https:\/\/englishceuta.com\/en\/wp-json\/wp\/v2\/types\/page"}],"author":[{"embeddable":true,"href":"https:\/\/englishceuta.com\/en\/wp-json\/wp\/v2\/users\/4"}],"replies":[{"embeddable":true,"href":"https:\/\/englishceuta.com\/en\/wp-json\/wp\/v2\/comments?post=859"}],"version-history":[{"count":0,"href":"https:\/\/englishceuta.com\/en\/wp-json\/wp\/v2\/pages\/859\/revisions"}],"wp:attachment":[{"href":"https:\/\/englishceuta.com\/en\/wp-json\/wp\/v2\/media?parent=859"}],"curies":[{"name":"wp","href":"https:\/\/api.w.org\/{rel}","templated":true}]}}